
{"id":816,"date":"2026-03-16T05:50:22","date_gmt":"2026-03-16T05:50:22","guid":{"rendered":"https:\/\/spkisielnica.gminapiatnica.pl\/?page_id=816"},"modified":"2026-03-16T05:50:22","modified_gmt":"2026-03-16T05:50:22","slug":"rada-pedagogiczna","status":"publish","type":"page","link":"https:\/\/spkisielnica.gminapiatnica.pl\/?page_id=816","title":{"rendered":"Rada Pedagogiczna"},"content":{"rendered":"\n<p><strong>DYREKTOR SZKO\u0141Y<\/strong><br>Faryna Agnieszka \u2013 dyrektor szko\u0142y<br>nauczyciel dyplomowany<br>nauczyciel biblioteki i j\u0119zyka polskiego<\/p>\n\n\n\n<p><br><strong>RADA PEDAGOGICZNA<\/strong><br>Karolina Ba\u0142azy \u2013 nauczyciel mianowany<br>pedagog specjalny, nauczyciel wsp\u00f3\u0142organizuj\u0105cy<br>Nikola Chojnowska \u2013 nauczyciel pocz\u0105tkuj\u0105cy<br>psycholog szkolny<br>D\u0119bowska Barbara \u2013 nauczyciel dyplomowany<br>nauczyciel edukacji wczesnoszkolnej, wychowawca klas II i III<br>Grzyma\u0142a Izabela \u2013 nauczyciel mianowany<br>nauczyciel wychowania przedszkolnego,<br>wychowawca oddzia\u0142 przedszkolnego<br>Iwanowski Marek \u2013 nauczyciel dyplomowany<br>nauczyciel wychowania fizycznego, edukacji dla bezpiecze\u0144stwa,<br>informatyki, przyrody, doradztwa zawodowego, \u015bwietlicy<br>Katarzyna Karpi\u0144ska &#8211; nauczyciel dyplomowany<br>nauczyciel edukacji wczesnoszkolnej, nauczyciel wsp\u00f3\u0142organizuj\u0105cy,<br>wychowawca klasy I<br>Ko\u015bciuczuk Olga \u2013 nauczyciel pocz\u0105tkuj\u0105cy<br>nauczyciel chemii i fizyki<br>Mucha Magdalena \u2013 nauczyciel pocz\u0105tkuj\u0105cy<br>nauczyciel j\u0119zyka polskiego, zaj\u0119cia korekcyjno-kompensacyjne, \u015bwietlicy<br>wychowawca klas IV i V<\/p>\n\n\n\n<p>Nie\u015bcier Monika \u2013 nauczyciel dyplomowany<br>nauczyciel j\u0119zyka niemieckiego<br>O\u0142tarzewski Marcin \u2013 nauczyciel dyplomowany<br>nauczyciel religii<\/p>\n\n\n\n<p>Plona Emilia \u2013 nauczyciel mianowany<br>nauczyciel j\u0119zyka angielskiego<br>Rakowska \u2013 Grochowska Magdalena \u2013 nauczyciel dyplomowany<br>nauczyciel biologii<br>Szymanowski Bogdan \u2013 nauczyciel dyplomowany<br>Nauczyciel matematyki, geografii, techniki,<br>wychowawca klas VI, VII i VIII<br>Tomaszewska Jadwiga \u2013 nauczyciel dyplomowany<br>Nauczyciel historii, wiedzy o spo\u0142ecze\u0144stwie<\/p>\n\n\n\n<p><br><strong>PRACOWNICY OBS\u0141UGI<\/strong><br>Ewa Sobczy\u0144ska<br>Aneta Fr\u0105ckiewicz<br>Pawe\u0142 Zawadzki<\/p>\n","protected":false},"excerpt":{"rendered":"<p>DYREKTOR SZKO\u0141YFaryna Agnieszka \u2013 dyrektor szko\u0142ynauczyciel dyplomowanynauczyciel biblioteki i j\u0119zyka polskiego RADA PEDAGOGICZNAKarolina Ba\u0142azy \u2013 nauczyciel mianowanypedagog specjalny, nauczyciel wsp\u00f3\u0142organizuj\u0105cyNikola Chojnowska \u2013 nauczyciel pocz\u0105tkuj\u0105cypsycholog szkolnyD\u0119bowska Barbara \u2013 nauczyciel dyplomowanynauczyciel edukacji wczesnoszkolnej, wychowawca klas II i IIIGrzyma\u0142a Izabela \u2013 nauczyciel mianowanynauczyciel wychowania przedszkolnego,wychowawca oddzia\u0142 przedszkolnegoIwanowski Marek \u2013 nauczyciel dyplomowanynauczyciel wychowania fizycznego, edukacji dla bezpiecze\u0144stwa,informatyki, przyrody, doradztwa [&hellip;]<\/p>\n","protected":false},"author":2,"featured_media":0,"parent":0,"menu_order":0,"comment_status":"closed","ping_status":"closed","template":"","meta":{"footnotes":""},"class_list":["post-816","page","type-page","status-publish","hentry"],"_links":{"self":[{"href":"https:\/\/spkisielnica.gminapiatnica.pl\/index.php?rest_route=\/wp\/v2\/pages\/816","targetHints":{"allow":["GET"]}}],"collection":[{"href":"https:\/\/spkisielnica.gminapiatnica.pl\/index.php?rest_route=\/wp\/v2\/pages"}],"about":[{"href":"https:\/\/spkisielnica.gminapiatnica.pl\/index.php?rest_route=\/wp\/v2\/types\/page"}],"author":[{"embeddable":true,"href":"https:\/\/spkisielnica.gminapiatnica.pl\/index.php?rest_route=\/wp\/v2\/users\/2"}],"replies":[{"embeddable":true,"href":"https:\/\/spkisielnica.gminapiatnica.pl\/index.php?rest_route=%2Fwp%2Fv2%2Fcomments&post=816"}],"version-history":[{"count":1,"href":"https:\/\/spkisielnica.gminapiatnica.pl\/index.php?rest_route=\/wp\/v2\/pages\/816\/revisions"}],"predecessor-version":[{"id":817,"href":"https:\/\/spkisielnica.gminapiatnica.pl\/index.php?rest_route=\/wp\/v2\/pages\/816\/revisions\/817"}],"wp:attachment":[{"href":"https:\/\/spkisielnica.gminapiatnica.pl\/index.php?rest_route=%2Fwp%2Fv2%2Fmedia&parent=816"}],"curies":[{"name":"wp","href":"https:\/\/api.w.org\/{rel}","templated":true}]}}