
{"id":768,"date":"2026-03-10T21:30:21","date_gmt":"2026-03-10T21:30:21","guid":{"rendered":"https:\/\/spkisielnica.gminapiatnica.pl\/?page_id=768"},"modified":"2026-03-29T20:42:57","modified_gmt":"2026-03-29T20:42:57","slug":"rozwoj-kompetencji-kluczowych-i-umiejetnosci-uniwersalnych-niezbednych-na-rynku-pracy-uczniow-szkol-podstawowych-w-gminie-piatnica","status":"publish","type":"page","link":"https:\/\/spkisielnica.gminapiatnica.pl\/?page_id=768","title":{"rendered":"ROZW\u00d3J KOMPETENCJI KLUCZOWYCH I UMIEJ\u0118TNO\u015aCI UNIWERSALNYCH NIEZB\u0118DNYCH NA RYNKU PRACY UCZNI\u00d3W SZK\u00d3\u0141 PODSTAWOWYCH W GMINIE PI\u0104TNICA"},"content":{"rendered":"\n<p>Za\u0142\u0105czniki:<\/p>\n\n\n\n<div class=\"wp-block-file\"><a id=\"wp-block-file--media-1e56e7d1-d80c-4916-b3de-edea688bfb79\" href=\"https:\/\/spkisielnica.gminapiatnica.pl\/wp-content\/uploads\/2026\/03\/Zalacznik-nr-4-do-umowy-Harmonogram-udzielonego-wsparcia-SP-Kisielnica-marzec-1.docx\">Zalacznik-nr-4-do-umowy-Harmonogram-udzielonego-wsparcia-SP-Kisielnica-marzec<\/a><a href=\"https:\/\/spkisielnica.gminapiatnica.pl\/wp-content\/uploads\/2026\/03\/Zalacznik-nr-4-do-umowy-Harmonogram-udzielonego-wsparcia-SP-Kisielnica-marzec-1.docx\" class=\"wp-block-file__button wp-element-button\" download aria-describedby=\"wp-block-file--media-1e56e7d1-d80c-4916-b3de-edea688bfb79\">Pobierz<\/a><\/div>\n\n\n\n<div class=\"wp-block-file\"><a id=\"wp-block-file--media-961b9282-f6bb-4117-b141-d98f1befa1a6\" href=\"https:\/\/spkisielnica.gminapiatnica.pl\/wp-content\/uploads\/2026\/03\/Zalacznik-nr-4-do-umowy-Harmonogram-udzielonego-wsparcia-SP-Kisielnica-luty.docx\">Zalacznik-nr-4-do-umowy-Harmonogram-udzielonego-wsparcia-SP-Kisielnica-luty<\/a><a href=\"https:\/\/spkisielnica.gminapiatnica.pl\/wp-content\/uploads\/2026\/03\/Zalacznik-nr-4-do-umowy-Harmonogram-udzielonego-wsparcia-SP-Kisielnica-luty.docx\" class=\"wp-block-file__button wp-element-button\" download aria-describedby=\"wp-block-file--media-961b9282-f6bb-4117-b141-d98f1befa1a6\">Pobierz<\/a><\/div>\n\n\n\n<div class=\"wp-block-file\"><a id=\"wp-block-file--media-9ba66181-fabd-43e0-af06-9bbb0ed73d0d\" href=\"https:\/\/spkisielnica.gminapiatnica.pl\/wp-content\/uploads\/2026\/03\/Zalacznik-nr-4-do-umowy-Harmonogram-udzielonego-wsparcia-SP-Kisielnica-kwiecien.docx\">Za\u0142a\u0328cznik nr 4 do umowy &#8211; Harmonogram udzielonego wsparcia SP Kisielnica (kwiecien\u0301)<\/a><a href=\"https:\/\/spkisielnica.gminapiatnica.pl\/wp-content\/uploads\/2026\/03\/Zalacznik-nr-4-do-umowy-Harmonogram-udzielonego-wsparcia-SP-Kisielnica-kwiecien.docx\" class=\"wp-block-file__button wp-element-button\" download aria-describedby=\"wp-block-file--media-9ba66181-fabd-43e0-af06-9bbb0ed73d0d\">Pobierz<\/a><\/div>\n\n\n\n<p><\/p>\n","protected":false},"excerpt":{"rendered":"<p>Za\u0142\u0105czniki:<\/p>\n","protected":false},"author":2,"featured_media":0,"parent":0,"menu_order":0,"comment_status":"closed","ping_status":"closed","template":"","meta":{"footnotes":""},"class_list":["post-768","page","type-page","status-publish","hentry"],"_links":{"self":[{"href":"https:\/\/spkisielnica.gminapiatnica.pl\/index.php?rest_route=\/wp\/v2\/pages\/768","targetHints":{"allow":["GET"]}}],"collection":[{"href":"https:\/\/spkisielnica.gminapiatnica.pl\/index.php?rest_route=\/wp\/v2\/pages"}],"about":[{"href":"https:\/\/spkisielnica.gminapiatnica.pl\/index.php?rest_route=\/wp\/v2\/types\/page"}],"author":[{"embeddable":true,"href":"https:\/\/spkisielnica.gminapiatnica.pl\/index.php?rest_route=\/wp\/v2\/users\/2"}],"replies":[{"embeddable":true,"href":"https:\/\/spkisielnica.gminapiatnica.pl\/index.php?rest_route=%2Fwp%2Fv2%2Fcomments&post=768"}],"version-history":[{"count":2,"href":"https:\/\/spkisielnica.gminapiatnica.pl\/index.php?rest_route=\/wp\/v2\/pages\/768\/revisions"}],"predecessor-version":[{"id":872,"href":"https:\/\/spkisielnica.gminapiatnica.pl\/index.php?rest_route=\/wp\/v2\/pages\/768\/revisions\/872"}],"wp:attachment":[{"href":"https:\/\/spkisielnica.gminapiatnica.pl\/index.php?rest_route=%2Fwp%2Fv2%2Fmedia&parent=768"}],"curies":[{"name":"wp","href":"https:\/\/api.w.org\/{rel}","templated":true}]}}