
{"id":615,"date":"2026-01-27T08:47:46","date_gmt":"2026-01-27T08:47:46","guid":{"rendered":"https:\/\/spkisielnica.gminapiatnica.pl\/?page_id=615"},"modified":"2026-03-10T21:31:49","modified_gmt":"2026-03-10T21:31:49","slug":"projekty","status":"publish","type":"page","link":"https:\/\/spkisielnica.gminapiatnica.pl\/?page_id=615","title":{"rendered":"Projekty"},"content":{"rendered":"\n<p class=\"has-vivid-cyan-blue-color has-text-color has-link-color wp-elements-17017b08d8915cffe8cd1b496c66aab9\">NPRC<\/p>\n\n\n\n<p class=\"has-vivid-cyan-blue-color has-text-color has-link-color wp-elements-798c6bc94a617b7cd1517dedf3e172f1\">POSI\u0141EK W DOMU I W SZKOLE<\/p>\n\n\n\n<p class=\"has-vivid-cyan-blue-color has-text-color has-link-color wp-elements-dbf8e3f3729bf4a54b03f593ebdd1488\">MA\u0141A SZKO\u0141A<\/p>\n\n\n\n<p class=\"has-vivid-cyan-blue-color has-text-color has-link-color wp-elements-60998e60f64913d420129b53f0871e27\">MA\u0141Y MISTRZ<\/p>\n\n\n\n<p class=\"has-vivid-cyan-blue-color has-text-color has-link-color wp-elements-63994d469f3b7a318a1b30279fc13319\">AKTYWNY DO KWADRATU<\/p>\n\n\n\n<p class=\"has-vivid-cyan-blue-color has-text-color has-link-color wp-elements-9044a7db07accfc0504ee6cc57356d8a\">LABORATRIA PRZYSZ\u0141O\u015aCI<\/p>\n\n\n\n<p class=\"has-vivid-cyan-blue-color has-text-color has-link-color wp-elements-dafebb9ab8258a9e00a64782574f104a\"><a href=\"https:\/\/spkisielnica.gminapiatnica.pl\/?page_id=768\" data-type=\"page\" data-id=\"768\">ROZW\u00d3J KOMPETENCJI KLUCZOWYCH I UMIEJ\u0118TNO\u015aCI UNIWERSALNYCH NIEZB\u0118DNYCH NA RYNKU PRACY UCZNI\u00d3W SZK\u00d3\u0141 PODSTAWOWYCH W GMINIE PI\u0104TNICA<\/a><\/p>\n\n\n\n<p><\/p>\n","protected":false},"excerpt":{"rendered":"<p>NPRC POSI\u0141EK W DOMU I W SZKOLE MA\u0141A SZKO\u0141A MA\u0141Y MISTRZ AKTYWNY DO KWADRATU LABORATRIA PRZYSZ\u0141O\u015aCI ROZW\u00d3J KOMPETENCJI KLUCZOWYCH I UMIEJ\u0118TNO\u015aCI UNIWERSALNYCH NIEZB\u0118DNYCH NA RYNKU PRACY UCZNI\u00d3W SZK\u00d3\u0141 PODSTAWOWYCH W GMINIE PI\u0104TNICA<\/p>\n","protected":false},"author":1,"featured_media":0,"parent":0,"menu_order":0,"comment_status":"closed","ping_status":"closed","template":"","meta":{"footnotes":""},"class_list":["post-615","page","type-page","status-publish","hentry"],"_links":{"self":[{"href":"https:\/\/spkisielnica.gminapiatnica.pl\/index.php?rest_route=\/wp\/v2\/pages\/615","targetHints":{"allow":["GET"]}}],"collection":[{"href":"https:\/\/spkisielnica.gminapiatnica.pl\/index.php?rest_route=\/wp\/v2\/pages"}],"about":[{"href":"https:\/\/spkisielnica.gminapiatnica.pl\/index.php?rest_route=\/wp\/v2\/types\/page"}],"author":[{"embeddable":true,"href":"https:\/\/spkisielnica.gminapiatnica.pl\/index.php?rest_route=\/wp\/v2\/users\/1"}],"replies":[{"embeddable":true,"href":"https:\/\/spkisielnica.gminapiatnica.pl\/index.php?rest_route=%2Fwp%2Fv2%2Fcomments&post=615"}],"version-history":[{"count":5,"href":"https:\/\/spkisielnica.gminapiatnica.pl\/index.php?rest_route=\/wp\/v2\/pages\/615\/revisions"}],"predecessor-version":[{"id":771,"href":"https:\/\/spkisielnica.gminapiatnica.pl\/index.php?rest_route=\/wp\/v2\/pages\/615\/revisions\/771"}],"wp:attachment":[{"href":"https:\/\/spkisielnica.gminapiatnica.pl\/index.php?rest_route=%2Fwp%2Fv2%2Fmedia&parent=615"}],"curies":[{"name":"wp","href":"https:\/\/api.w.org\/{rel}","templated":true}]}}