
{"id":606,"date":"2026-01-27T08:43:46","date_gmt":"2026-01-27T08:43:46","guid":{"rendered":"https:\/\/spkisielnica.gminapiatnica.pl\/?page_id=606"},"modified":"2026-01-27T08:43:47","modified_gmt":"2026-01-27T08:43:47","slug":"o-szkole","status":"publish","type":"page","link":"https:\/\/spkisielnica.gminapiatnica.pl\/?page_id=606","title":{"rendered":"O Szkole"},"content":{"rendered":"\n<p class=\"has-vivid-cyan-blue-color has-text-color has-link-color has-medium-font-size wp-elements-9c5a9d911c343cc8369770bf2e4fa326\" style=\"margin-top:0;margin-right:0;margin-bottom:0;margin-left:0\">DYREKCJA SZKO\u0141Y<\/p>\n\n\n\n<p class=\"has-vivid-cyan-blue-color has-text-color has-link-color has-medium-font-size wp-elements-7fa0ac62a2787efc7921e52e8a9d3ee3\">RADA PEDAGOGICZNA<\/p>\n\n\n\n<p class=\"has-vivid-cyan-blue-color has-text-color has-link-color has-medium-font-size wp-elements-a206331ce5593d4bbc3d32b5e837465f\">PRACOWNICY OBS\u0141UGI<\/p>\n\n\n\n<p class=\"has-vivid-cyan-blue-color has-text-color has-link-color has-medium-font-size wp-elements-01cf767af05bde459418affd27bee152\">SAMORZ\u0104D UCZNIOWSKI<\/p>\n\n\n\n<p class=\"has-vivid-cyan-blue-color has-text-color has-link-color has-medium-font-size wp-elements-19fa15d77ecd3b594a7aa17bb2700564\">RADA RODZIC\u00d3W<\/p>\n\n\n\n<p class=\"has-vivid-cyan-blue-color has-text-color has-link-color has-medium-font-size wp-elements-5cd1a53ff64b40833196764d0fbe8a11\">HISTORIA SZKO\u0141Y<\/p>\n\n\n\n<p class=\"has-vivid-cyan-blue-color has-text-color has-link-color has-medium-font-size wp-elements-9879976b5451c8d3f1ad8068c12eeb43\">ZARYS DZIEJ\u00d3W KISIELNICY<\/p>\n\n\n\n<p><\/p>\n","protected":false},"excerpt":{"rendered":"<p>DYREKCJA SZKO\u0141Y RADA PEDAGOGICZNA PRACOWNICY OBS\u0141UGI SAMORZ\u0104D UCZNIOWSKI RADA RODZIC\u00d3W HISTORIA SZKO\u0141Y ZARYS DZIEJ\u00d3W KISIELNICY<\/p>\n","protected":false},"author":1,"featured_media":0,"parent":0,"menu_order":0,"comment_status":"closed","ping_status":"closed","template":"","meta":{"footnotes":""},"class_list":["post-606","page","type-page","status-publish","hentry"],"_links":{"self":[{"href":"https:\/\/spkisielnica.gminapiatnica.pl\/index.php?rest_route=\/wp\/v2\/pages\/606","targetHints":{"allow":["GET"]}}],"collection":[{"href":"https:\/\/spkisielnica.gminapiatnica.pl\/index.php?rest_route=\/wp\/v2\/pages"}],"about":[{"href":"https:\/\/spkisielnica.gminapiatnica.pl\/index.php?rest_route=\/wp\/v2\/types\/page"}],"author":[{"embeddable":true,"href":"https:\/\/spkisielnica.gminapiatnica.pl\/index.php?rest_route=\/wp\/v2\/users\/1"}],"replies":[{"embeddable":true,"href":"https:\/\/spkisielnica.gminapiatnica.pl\/index.php?rest_route=%2Fwp%2Fv2%2Fcomments&post=606"}],"version-history":[{"count":1,"href":"https:\/\/spkisielnica.gminapiatnica.pl\/index.php?rest_route=\/wp\/v2\/pages\/606\/revisions"}],"predecessor-version":[{"id":607,"href":"https:\/\/spkisielnica.gminapiatnica.pl\/index.php?rest_route=\/wp\/v2\/pages\/606\/revisions\/607"}],"wp:attachment":[{"href":"https:\/\/spkisielnica.gminapiatnica.pl\/index.php?rest_route=%2Fwp%2Fv2%2Fmedia&parent=606"}],"curies":[{"name":"wp","href":"https:\/\/api.w.org\/{rel}","templated":true}]}}