
{"id":144,"date":"2025-10-02T06:41:15","date_gmt":"2025-10-02T06:41:15","guid":{"rendered":"https:\/\/spkisielnica.gminapiatnica.pl\/?page_id=144"},"modified":"2025-10-02T06:41:15","modified_gmt":"2025-10-02T06:41:15","slug":"polityka-plikow-cookies","status":"publish","type":"page","link":"https:\/\/spkisielnica.gminapiatnica.pl\/?page_id=144","title":{"rendered":"Polityka plik\u00f3w cookies"},"content":{"rendered":"\n<h3 class=\"wp-block-heading\">Polityka plik\u00f3w cookies serwisu<\/h3>\n\n\n\n<ol class=\"wp-block-list\">\n<li>Wst\u0119p<\/li>\n<\/ol>\n\n\n\n<p>Serwis www.spkisielnica.gminapiatnica.pl u\u017cywa plik\u00f3w cookies. W poni\u017cszym dokumencie informujemy o korzystaniu z\u00a0plik\u00f3w cookies w serwisie.<\/p>\n\n\n\n<ol start=\"2\" class=\"wp-block-list\">\n<li>Czym s\u0105 pliki cookies?<\/li>\n<\/ol>\n\n\n\n<p>Pliki cookies to ma\u0142e fragmenty tekstu, kodu, kt\u00f3re s\u0105 wysy\u0142ane do przegl\u0105darki i\u00a0kt\u00f3re\u00a0przegl\u0105darka wysy\u0142a z powrotem. Niekt\u00f3re cookies s\u0105 czasem zapisywane na danym urz\u0105dzeniu podczas przegl\u0105dania serwisu www.spkisielnica.gminapiatnica.pl. Istniej\u0105 r\u00f3\u017cne rodzaje plik\u00f3w cookies. Pliki cookies u\u017cywane w serwisie www.spkisielnica.gminapiatnica.pl zosta\u0142y podzielone na\u00a0nast\u0119puj\u0105ce kategorie:<\/p>\n\n\n\n<ol start=\"1\" class=\"wp-block-list\">\n<li>niezb\u0119dne pliki cookies<\/li>\n\n\n\n<li>funkcjonalne<\/li>\n\n\n\n<li>analityczne\u00a0<\/li>\n<\/ol>\n\n\n\n<ol start=\"3\" class=\"wp-block-list\">\n<li>Z jakich plik\u00f3w cookies korzystamy?<br>\n<ol start=\"1\" class=\"wp-block-list\">\n<li>Pliki cookies, kt\u00f3re s\u0105 niezb\u0119dne do korzystania z serwisu www.spkisielnica.gminapiatnica.pll, s\u0142u\u017c\u0105 m.in. do zapewnienia stabilno\u015bci jego funkcjonowania (mierz\u0105 ruch i zabezpieczaj\u0105 nas przed\u00a0 przeci\u0105\u017ceniem). Te pliki cookies s\u0105 absolutnie niezb\u0119dne, aby serwis www.spkisielnica.gminapiatnica.pl m\u00f3g\u0142 \u015bwiadczy\u0107 us\u0142ugi, i\/lub wy\u0142\u0105cznie w celu transmisji us\u0142ug i\/lub serwisu www.spkisielnica.gminapiatnica.pl.<\/li>\n\n\n\n<li>Funkcjonalne pliki cookies &#8211; zapami\u0119tywanie wybranych preferencji dotycz\u0105cych prywatno\u015bci, wype\u0142nie\u0144 formularzy on-line, zapami\u0119tywanie ustawie\u0144 strony internetowej.<\/li>\n\n\n\n<li>Analityczne pliki cookies &#8211; pozosta\u0142e pliki cookies wykorzystujemy jednie wtedy, gdy wyrazisz na\u00a0to\u00a0zgod\u0119. Te pliki cookies pomagaj\u0105 nam ulepsza\u0107 i mierzy\u0107 wydajno\u015b\u0107 serwisu www.spkisielnica.gminapiatnica.pll poprzez zbieranie i raportowanie informacji o tym, jak z niego korzystasz.<\/li>\n<\/ol>\n<\/li>\n\n\n\n<li>Zgoda na stosowanie plik\u00f3w cookies<\/li>\n<\/ol>\n\n\n\n<p>Podczas wizyty w serwisie www.spkisielnica.gminapiatnica.pl zostanie wy\u015bwietlony komunikat informuj\u0105cy, \u017ce wykorzystuje on pliki cookies.<\/p>\n\n\n\n<ol start=\"5\" class=\"wp-block-list\">\n<li>Modyfikowanie ustawie\u0144 plik\u00f3w cookies<\/li>\n<\/ol>\n\n\n\n<p>W wi\u0119kszo\u015bci przegl\u0105darek internetowych mo\u017cna: kasowa\u0107 pliki typu cookies z twardego dysku komputera (z poziomu ustawie\u0144 przegl\u0105darki), zablokowa\u0107 wszystkie przysy\u0142ane pliki typu cookies lub ustawi\u0107 ostrze\u017cenie przed zapisaniem ich na dysku.<\/p>\n\n\n\n<p>Nale\u017cy mie\u0107 na uwadze, \u017ce zmiany ustawie\u0144 tych plik\u00f3w polegaj\u0105ce na ograniczeniu ich stosowania mog\u0105 wp\u0142yn\u0105\u0107 na niekt\u00f3re funkcjonalno\u015bci dost\u0119pne na stronach internetowych je stosuj\u0105cych.<\/p>\n\n\n\n<p>Poni\u017cej wskazujemy spos\u00f3b zmiany ustawie\u0144 cookies w najbardziej popularnych wyszukiwarkach:<\/p>\n\n\n\n<h5 class=\"wp-block-heading\">Google Chrome<\/h5>\n\n\n\n<p>Menu &gt; Ustawienia &gt; Prywatno\u015b\u0107 i bezpiecze\u0144stwo \u2013 nale\u017cy wybra\u0107 odpowiedni\u0105 opcj\u0119.<\/p>\n\n\n\n<h5 class=\"wp-block-heading\">Internet Explorer<\/h5>\n\n\n\n<p>Menu &gt; Ustawienia &gt; Pliki cookie i uprawnienia witryny \u2013 nale\u017cy wybra\u0107 odpowiedni\u0105 opcj\u0119.<\/p>\n\n\n\n<h5 class=\"wp-block-heading\">Mozilla Firefox<\/h5>\n\n\n\n<p>Menu &gt; Preferencje &gt; Prywatno\u015b\u0107 i bezpiecze\u0144stwo &gt; Ciasteczka i dane witryn \u2013 nale\u017cy wybra\u0107 odpowiedni\u0105 opcj\u0119.<\/p>\n\n\n\n<h5 class=\"wp-block-heading\">Opera<\/h5>\n\n\n\n<p>Menu &gt; Ustawienia &gt; Prywatno\u015b\u0107 i bezpiecze\u0144stwo \u2013 nale\u017cy wybra\u0107 odpowiedni\u0105 opcj\u0119.<\/p>\n\n\n\n<h5 class=\"wp-block-heading\">Safari<\/h5>\n\n\n\n<p>Menu &gt; Preferencje &gt; Prywatno\u015b\u0107 &gt; Pliki cookies \u2013 nale\u017cy wybra\u0107 odpowiedni\u0105 opcj\u0119.&nbsp;<\/p>\n","protected":false},"excerpt":{"rendered":"<p>Polityka plik\u00f3w cookies serwisu Serwis www.spkisielnica.gminapiatnica.pl u\u017cywa plik\u00f3w cookies. W poni\u017cszym dokumencie informujemy o korzystaniu z\u00a0plik\u00f3w cookies w serwisie. Pliki cookies to ma\u0142e fragmenty tekstu, kodu, kt\u00f3re s\u0105 wysy\u0142ane do przegl\u0105darki i\u00a0kt\u00f3re\u00a0przegl\u0105darka wysy\u0142a z powrotem. Niekt\u00f3re cookies s\u0105 czasem zapisywane na danym urz\u0105dzeniu podczas przegl\u0105dania serwisu www.spkisielnica.gminapiatnica.pl. Istniej\u0105 r\u00f3\u017cne rodzaje plik\u00f3w cookies. Pliki cookies u\u017cywane [&hellip;]<\/p>\n","protected":false},"author":1,"featured_media":0,"parent":0,"menu_order":0,"comment_status":"closed","ping_status":"closed","template":"","meta":{"footnotes":""},"class_list":["post-144","page","type-page","status-publish","hentry"],"_links":{"self":[{"href":"https:\/\/spkisielnica.gminapiatnica.pl\/index.php?rest_route=\/wp\/v2\/pages\/144","targetHints":{"allow":["GET"]}}],"collection":[{"href":"https:\/\/spkisielnica.gminapiatnica.pl\/index.php?rest_route=\/wp\/v2\/pages"}],"about":[{"href":"https:\/\/spkisielnica.gminapiatnica.pl\/index.php?rest_route=\/wp\/v2\/types\/page"}],"author":[{"embeddable":true,"href":"https:\/\/spkisielnica.gminapiatnica.pl\/index.php?rest_route=\/wp\/v2\/users\/1"}],"replies":[{"embeddable":true,"href":"https:\/\/spkisielnica.gminapiatnica.pl\/index.php?rest_route=%2Fwp%2Fv2%2Fcomments&post=144"}],"version-history":[{"count":1,"href":"https:\/\/spkisielnica.gminapiatnica.pl\/index.php?rest_route=\/wp\/v2\/pages\/144\/revisions"}],"predecessor-version":[{"id":145,"href":"https:\/\/spkisielnica.gminapiatnica.pl\/index.php?rest_route=\/wp\/v2\/pages\/144\/revisions\/145"}],"wp:attachment":[{"href":"https:\/\/spkisielnica.gminapiatnica.pl\/index.php?rest_route=%2Fwp%2Fv2%2Fmedia&parent=144"}],"curies":[{"name":"wp","href":"https:\/\/api.w.org\/{rel}","templated":true}]}}